{"id":18,"date":"2017-01-17T18:56:45","date_gmt":"2017-01-17T18:56:45","guid":{"rendered":"http:\/\/marcinkrzeszowice.pl\/?page_id=18"},"modified":"2026-04-03T20:21:03","modified_gmt":"2026-04-03T19:21:03","slug":"kontakt","status":"publish","type":"page","link":"http:\/\/marcinkrzeszowice.pl\/kontakt\/","title":{"rendered":"Kontakt"},"content":{"rendered":"<p><b>Rzymskokatolicka Parafia pw. \u015bw. Marcina z Tours <\/b><br \/>\nul. Grunwaldzka 1<br \/>\n32-065 Krzeszowice<\/p>\n<p>telefon: (12) 282 08 72<\/p>\n<p><a href=\"mailto:parafia@marcinkrzeszowice.pl\">parafia@marcinkrzeszowice.pl<\/a><\/p>\n<p>NIP: 9441847380<br \/>\nREGON:&nbsp;040098338<\/p>\n<p>Konto bankowe: Bank PKO BP:&nbsp;90 1020 2906 0000 1102 0113 4584<\/p>\n<p><strong>Proboszcz:<br \/>\n<\/strong>ks. kanonik Bogdan Sarniak<br \/>\n<em>wy\u015bwi\u0119cony w 1996 r., w parafii od 2022 r.<br \/>\n<\/em><\/p>\n<p><strong>Wikariusz:<br \/>\n<\/strong>ks. Janusz Pasternak<br \/>\n<em>wy\u015bwi\u0119cony w 2013 r., w parafii od 2021 r.<\/em><\/p>\n<p><strong>Emeryt:<br \/>\n<\/strong>ks. pra\u0142at dr Andrzej Szczotka, emerytowany proboszcz<br \/>\n<em>wy\u015bwi\u0119cony w 1977 r., w parafii od 2000 r.<br \/>\n<\/em>tel. 12 282 64 34,&nbsp; e-mail: anszczot@interia.pl<em><br \/>\n<\/em><\/p>\n","protected":false},"excerpt":{"rendered":"<p>Rzymskokatolicka Parafia pw. \u015bw. Marcina z Tours ul. Grunwaldzka 1 32-065 Krzeszowice telefon: (12) 282 08 72 parafia@marcinkrzeszowice.pl NIP: 9441847380 REGON:&nbsp;040098338 Konto bankowe: Bank PKO BP:&nbsp;90 1020 2906 0000 1102 0113 4584 Proboszcz: ks. kanonik Bogdan Sarniak wy\u015bwi\u0119cony w 1996 r., w parafii od 2022 r. Wikariusz: ks. Janusz Pasternak wy\u015bwi\u0119cony w 2013 r., w <a class=\"read-more\" href=\"http:\/\/marcinkrzeszowice.pl\/kontakt\/\">Read More<\/a><\/p>\n","protected":false},"author":5,"featured_media":0,"parent":0,"menu_order":0,"comment_status":"closed","ping_status":"closed","template":"","meta":{"ngg_post_thumbnail":0,"footnotes":""},"class_list":["post-18","page","type-page","status-publish","hentry"],"_links":{"self":[{"href":"http:\/\/marcinkrzeszowice.pl\/wp-json\/wp\/v2\/pages\/18","targetHints":{"allow":["GET"]}}],"collection":[{"href":"http:\/\/marcinkrzeszowice.pl\/wp-json\/wp\/v2\/pages"}],"about":[{"href":"http:\/\/marcinkrzeszowice.pl\/wp-json\/wp\/v2\/types\/page"}],"author":[{"embeddable":true,"href":"http:\/\/marcinkrzeszowice.pl\/wp-json\/wp\/v2\/users\/5"}],"replies":[{"embeddable":true,"href":"http:\/\/marcinkrzeszowice.pl\/wp-json\/wp\/v2\/comments?post=18"}],"version-history":[{"count":22,"href":"http:\/\/marcinkrzeszowice.pl\/wp-json\/wp\/v2\/pages\/18\/revisions"}],"predecessor-version":[{"id":10583,"href":"http:\/\/marcinkrzeszowice.pl\/wp-json\/wp\/v2\/pages\/18\/revisions\/10583"}],"wp:attachment":[{"href":"http:\/\/marcinkrzeszowice.pl\/wp-json\/wp\/v2\/media?parent=18"}],"curies":[{"name":"wp","href":"https:\/\/api.w.org\/{rel}","templated":true}]}}