{"id":214,"date":"2017-02-18T09:50:41","date_gmt":"2017-02-18T09:50:41","guid":{"rendered":"http:\/\/marcinkrzeszowice.pl\/?page_id=214"},"modified":"2021-03-09T07:39:56","modified_gmt":"2021-03-09T06:39:56","slug":"maltanska-sluzba-medyczna","status":"publish","type":"page","link":"http:\/\/marcinkrzeszowice.pl\/maltanska-sluzba-medyczna\/","title":{"rendered":"Malta\u0144ska S\u0142u\u017cba Medyczna"},"content":{"rendered":"<p>Malta\u0144ska S\u0142u\u017cba Medyczna to organizacja, kt\u00f3ra zgodnie z mottem Zakonu &#8211; Tuitio fidei et obsequium pauperum &#8211; chce nie\u015b\u0107 pomoc ubogim i potrzebuj\u0105cym. Prowadzi dzia\u0142alno\u015b\u0107 wychowawcz\u0105 w\u015br\u00f3d m\u0142odzie\u017cy, tworz\u0105c grupy kadet\u00f3w oraz prowadzi kursy pierwszej pomocy przedmedycznej, w kt\u00f3rych uczestnicz\u0105 zar\u00f3wno potencjalni wolontariusze Fundacji, jak i osoby chc\u0105ce pog\u0142\u0119bi\u0107 swoj\u0105 wiedz\u0119 na ten temat. Or<span class=\"text_exposed_show\">ganizacja kontynuuje dzia\u0142alno\u015b\u0107 prowadzon\u0105 przez zesp\u00f3\u0142 wolontariuszy utworzony w Krakowie w 1990 roku.<\/span><\/p>\n<p>Podstawow\u0105 form\u0105 dzia\u0142alno\u015bci Malta\u0144skiej S\u0142u\u017cby Medycznej jest medyczne zabezpieczenie pielgrzymek i uroczysto\u015bci religijnych, zawod\u00f3w sportowych, koncert\u00f3w, kongres\u00f3w jak r\u00f3wnie\u017c innych imprez kulturalnych. W razie potrzeby, Malta\u0144ska S\u0142u\u017cba Medyczna ma mo\u017cliwo\u015b\u0107 transportowania chorych i poszkodowanych w\u0142asnymi karetkami. Organizacja dzia\u0142a w oparciu o wolontariat, a uzyskane kwoty z dzia\u0142alno\u015bci w ca\u0142o\u015bci s\u0105 inwestowane w sprz\u0119t medyczny, szkolenia oraz dzia\u0142alno\u015b\u0107 socjaln\u0105.<\/p>\n<p>Spotykamy si\u0119 w 1. i 3. wtorek miesi\u0105ca.&nbsp;<\/p>\n<p>Kapelan:<\/p>\n<p>W razie pyta\u0144 prosimy o kontakt: 602 430 831 lub 510 362 423 albo mailowo grzegorz.rozmus@zakonmaltanski.pl oraz bartosz.pogan@zakonmaltanski.pl<\/p>\n<p><a href=\"https:\/\/www.facebook.com\/MSMKrzeszowice\/?fref=ts\"><strong>Facebook Malta\u0144skiej S\u0142u\u017cby Medycznej<\/strong><\/a><\/p>\n","protected":false},"excerpt":{"rendered":"<p>Malta\u0144ska S\u0142u\u017cba Medyczna to organizacja, kt\u00f3ra zgodnie z mottem Zakonu &#8211; Tuitio fidei et obsequium pauperum &#8211; chce nie\u015b\u0107 pomoc ubogim i potrzebuj\u0105cym. Prowadzi dzia\u0142alno\u015b\u0107 wychowawcz\u0105 w\u015br\u00f3d m\u0142odzie\u017cy, tworz\u0105c grupy kadet\u00f3w oraz prowadzi kursy pierwszej pomocy przedmedycznej, w kt\u00f3rych uczestnicz\u0105 zar\u00f3wno potencjalni wolontariusze Fundacji, jak i osoby chc\u0105ce pog\u0142\u0119bi\u0107 swoj\u0105 wiedz\u0119 na ten temat. Organizacja <a class=\"read-more\" href=\"http:\/\/marcinkrzeszowice.pl\/maltanska-sluzba-medyczna\/\">Read More<\/a><\/p>\n","protected":false},"author":5,"featured_media":0,"parent":0,"menu_order":0,"comment_status":"closed","ping_status":"closed","template":"","meta":{"ngg_post_thumbnail":0,"footnotes":""},"class_list":["post-214","page","type-page","status-publish","hentry"],"_links":{"self":[{"href":"http:\/\/marcinkrzeszowice.pl\/wp-json\/wp\/v2\/pages\/214","targetHints":{"allow":["GET"]}}],"collection":[{"href":"http:\/\/marcinkrzeszowice.pl\/wp-json\/wp\/v2\/pages"}],"about":[{"href":"http:\/\/marcinkrzeszowice.pl\/wp-json\/wp\/v2\/types\/page"}],"author":[{"embeddable":true,"href":"http:\/\/marcinkrzeszowice.pl\/wp-json\/wp\/v2\/users\/5"}],"replies":[{"embeddable":true,"href":"http:\/\/marcinkrzeszowice.pl\/wp-json\/wp\/v2\/comments?post=214"}],"version-history":[{"count":5,"href":"http:\/\/marcinkrzeszowice.pl\/wp-json\/wp\/v2\/pages\/214\/revisions"}],"predecessor-version":[{"id":6016,"href":"http:\/\/marcinkrzeszowice.pl\/wp-json\/wp\/v2\/pages\/214\/revisions\/6016"}],"wp:attachment":[{"href":"http:\/\/marcinkrzeszowice.pl\/wp-json\/wp\/v2\/media?parent=214"}],"curies":[{"name":"wp","href":"https:\/\/api.w.org\/{rel}","templated":true}]}}