{"id":6448,"date":"2021-09-03T20:29:05","date_gmt":"2021-09-03T19:29:05","guid":{"rendered":"http:\/\/marcinkrzeszowice.pl\/?page_id=6448"},"modified":"2024-10-02T08:19:29","modified_gmt":"2024-10-02T07:19:29","slug":"scholka","status":"publish","type":"page","link":"http:\/\/marcinkrzeszowice.pl\/scholka\/","title":{"rendered":"Scholka"},"content":{"rendered":"\n<p>Scholka dzieci\u0119ca \u015bpiewa na <strong>Mszach \u015bw. w niedziele o godz. 11:00<\/strong>.<br>Pr\u00f3by organizowane s\u0105 w niedziele o godz. 10:00.<\/p>\n\n\n\n<p>Wszystkie dzieci &#8211; dziewczynki i ch\u0142opc\u00f3w &#8211; zapraszamy do uwielbiania Pana Boga \u015bpiewem podczas Mszy \u015awi\u0119tej. <br>Nie trzeba si\u0119 zapisywa\u0107. Wystarczy przyj\u015b\u0107 na pr\u00f3b\u0119.<\/p>\n\n\n\n<p><\/p>\n\n\n\n<figure class=\"wp-block-image size-large is-resized\"><a href=\"http:\/\/marcinkrzeszowice.pl\/wp-content\/uploads\/2021\/09\/Scholka-scaled.jpg\"><img loading=\"lazy\" decoding=\"async\" width=\"1024\" height=\"683\" src=\"http:\/\/marcinkrzeszowice.pl\/wp-content\/uploads\/2021\/09\/Scholka-1024x683.jpg\" alt=\"\" class=\"wp-image-6452\" style=\"width:429px;height:286px\" srcset=\"http:\/\/marcinkrzeszowice.pl\/wp-content\/uploads\/2021\/09\/Scholka-1024x683.jpg 1024w, http:\/\/marcinkrzeszowice.pl\/wp-content\/uploads\/2021\/09\/Scholka-300x200.jpg 300w, http:\/\/marcinkrzeszowice.pl\/wp-content\/uploads\/2021\/09\/Scholka-768x512.jpg 768w, http:\/\/marcinkrzeszowice.pl\/wp-content\/uploads\/2021\/09\/Scholka-1536x1024.jpg 1536w, http:\/\/marcinkrzeszowice.pl\/wp-content\/uploads\/2021\/09\/Scholka-2048x1365.jpg 2048w, http:\/\/marcinkrzeszowice.pl\/wp-content\/uploads\/2021\/09\/Scholka-272x182.jpg 272w\" sizes=\"auto, (max-width: 1024px) 100vw, 1024px\" \/><\/a><figcaption class=\"wp-element-caption\">fot. W. Styrylski<\/figcaption><\/figure>\n","protected":false},"excerpt":{"rendered":"<p>Scholka dzieci\u0119ca \u015bpiewa na Mszach \u015bw. w niedziele o godz. 11:00.Pr\u00f3by organizowane s\u0105 w niedziele o godz. 10:00. Wszystkie dzieci &#8211; dziewczynki i ch\u0142opc\u00f3w &#8211; zapraszamy do uwielbiania Pana Boga \u015bpiewem podczas Mszy \u015awi\u0119tej. Nie trzeba si\u0119 zapisywa\u0107. Wystarczy przyj\u015b\u0107 na pr\u00f3b\u0119.<\/p>\n","protected":false},"author":5,"featured_media":0,"parent":0,"menu_order":0,"comment_status":"closed","ping_status":"closed","template":"","meta":{"ngg_post_thumbnail":0,"footnotes":""},"class_list":["post-6448","page","type-page","status-publish","hentry"],"_links":{"self":[{"href":"http:\/\/marcinkrzeszowice.pl\/wp-json\/wp\/v2\/pages\/6448","targetHints":{"allow":["GET"]}}],"collection":[{"href":"http:\/\/marcinkrzeszowice.pl\/wp-json\/wp\/v2\/pages"}],"about":[{"href":"http:\/\/marcinkrzeszowice.pl\/wp-json\/wp\/v2\/types\/page"}],"author":[{"embeddable":true,"href":"http:\/\/marcinkrzeszowice.pl\/wp-json\/wp\/v2\/users\/5"}],"replies":[{"embeddable":true,"href":"http:\/\/marcinkrzeszowice.pl\/wp-json\/wp\/v2\/comments?post=6448"}],"version-history":[{"count":5,"href":"http:\/\/marcinkrzeszowice.pl\/wp-json\/wp\/v2\/pages\/6448\/revisions"}],"predecessor-version":[{"id":9447,"href":"http:\/\/marcinkrzeszowice.pl\/wp-json\/wp\/v2\/pages\/6448\/revisions\/9447"}],"wp:attachment":[{"href":"http:\/\/marcinkrzeszowice.pl\/wp-json\/wp\/v2\/media?parent=6448"}],"curies":[{"name":"wp","href":"https:\/\/api.w.org\/{rel}","templated":true}]}}